{"id":30801,"date":"2025-02-16T11:35:54","date_gmt":"2025-02-16T09:35:54","guid":{"rendered":"http:\/\/tro.iwvzsbhhh0-wl6nevzre652.p.temp-site.link\/blog\/?page_id=30801"},"modified":"2025-02-20T07:50:59","modified_gmt":"2025-02-20T05:50:59","slug":"gerador-de-curriculo","status":"publish","type":"page","link":"https:\/\/www.trovagas.com\/blog\/gerador-de-curriculo\/","title":{"rendered":"Gerador de Curr\u00edculo Online e Gr\u00e1tis"},"content":{"rendered":"\n<p>Use o nosso gerador de curr\u00edculo online e gr\u00e1tis para criar seu CV em poucos minutos, de forma simples sem cadastro. Basta preencher suas informa\u00e7\u00f5es pessoais, experi\u00eancias profissionais, forma\u00e7\u00e3o acad\u00eamica e habilidades, e nosso gerador criar\u00e1 um curr\u00edculo profissional e atraente para voc\u00ea.<\/p>\n\n\n\n<p>Preencha os campos abaixo e clique em <strong>Pr\u00e9-visualizar<\/strong> para ver uma pr\u00e9via do seu curr\u00edculo. Voc\u00ea tamb\u00e9m poder\u00e1 <strong>imprimir o curr\u00edculo<\/strong> em formato PDF.<\/p>\n\n\n<p>[wp_code id=&#8221;3&#8243;]<\/p>\n\n\n\n<p><\/p>\n\n\n\n<h2 class=\"wp-block-heading\">O que colocar no curr\u00edculo?<\/h2>\n\n\n\n<p>Um curr\u00edculo geralmente segue uma estrutura padr\u00e3o, mas voc\u00ea tem a liberdade para modificar algumas se\u00e7\u00f5es ou eliminar outras.<\/p>\n\n\n\n<p>Aqui est\u00e3o as informa\u00e7\u00f5es que voc\u00ea deve colocar no curr\u00edculo:<\/p>\n\n\n\n<ol class=\"wp-block-list\">\n<li>Informa\u00e7\u00f5es pessoais<\/li>\n\n\n\n<li>Objetivo profissional<\/li>\n\n\n\n<li>Experi\u00eancia profissional<\/li>\n\n\n\n<li>Forma\u00e7\u00e3o acad\u00e9mica<\/li>\n\n\n\n<li>Compet\u00eancias e habilidades<\/li>\n\n\n\n<li>Cursos complementares<\/li>\n\n\n\n<li>Idiomas<\/li>\n\n\n\n<li>Informa\u00e7\u00f5es adicionais<\/li>\n<\/ol>\n\n\n\n<h2 class=\"wp-block-heading\">Em que ordem eu coloco as informa\u00e7\u00f5es no curr\u00edculo?<\/h2>\n\n\n\n<p>N\u00e3o existe uma ordem espec\u00edfica. O curr\u00edculo \u00e9 uma <strong>ferramenta de marketing<\/strong> na qual comunicamos da maneira mais eficiente poss\u00edvel, nossa hist\u00f3ria e nossos pontos fortes como candidatos. Portanto, dependendo da oferta ou de sua trajet\u00f3ria, voc\u00ea pode trocar a ordem delas para causar uma boa impress\u00e3o na pessoa que o l\u00ea.<\/p>\n\n\n\n<h3 class=\"wp-block-heading\"><strong>Comece com seus dados pessoais<\/strong><\/h3>\n\n\n\n<p>As informa\u00e7\u00f5es pessoais devem<strong> aparecer no in\u00edcio do curr\u00edculo<\/strong>. Em alguns formatos de curr\u00edculo, eles aparecer\u00e3o na barra lateral, sempre na primeira p\u00e1gina. Qualquer uma das op\u00e7\u00f5es \u00e9 v\u00e1lida.<\/p>\n\n\n\n<p>Nesta se\u00e7\u00e3o voc\u00ea deve colocar: o seu nome completo; idade; estado civil; endere\u00e7o e formas de contato, como n\u00famero de celular e email.<\/p>\n\n\n<div class=\"wp-block-image\">\n<figure class=\"aligncenter size-full is-resized\"><img fetchpriority=\"high\" decoding=\"async\" width=\"492\" height=\"199\" src=\"https:\/\/www.trovagas.com\/blog\/wp-content\/uploads\/2023\/01\/informacoes-pessoais-no-curriculo.png\" alt=\"dados pessoais\" class=\"wp-image-18067\" style=\"width:246px;height:100px\" srcset=\"https:\/\/www.trovagas.com\/blog\/wp-content\/uploads\/2023\/01\/informacoes-pessoais-no-curriculo.png 492w, https:\/\/www.trovagas.com\/blog\/wp-content\/uploads\/2023\/01\/informacoes-pessoais-no-curriculo-300x121.png 300w\" sizes=\"(max-width: 492px) 100vw, 492px\" \/><figcaption class=\"wp-element-caption\">Informa\u00e7\u00f5es pessoais&nbsp;no curr\u00edculo<\/figcaption><\/figure>\n<\/div>\n\n\n<p>Sobre o endere\u00e7o de email, <strong>evite usar um email com nomes engra\u00e7ados<\/strong>, o ideal \u00e9 que seu email seja constitu\u00eddo pelo primeiro e \u00faltimo nome.<\/p>\n\n\n\n<p>Por exemplo, se o seu nome completo \u00e9 Olinda Maria, procure criar o email <a href=\"mailto:olinda.maria@gmail.com\">olinda.maria@gmail.com<\/a> ou <a href=\"mailto:olindamaria22@gmail.com\">olindamaria22@gmail.com<\/a>. Na impossibilidade de criar o email desta maneira, acrescente h\u00edfen, underline ou n\u00fameros, mas n\u00e3o coloque a sua data de nascimento.<\/p>\n\n\n\n<h3 class=\"wp-block-heading\"><strong>Adicione um objetivo do curr\u00edculo<\/strong><\/h3>\n\n\n\n<p>Ap\u00f3s os dados pessoais, adicione um <a href=\"https:\/\/www.cv-elevation.com\/exemplos-de-objetivo-profissional-para-curriculo\/\">objetivo profissional<\/a>.<\/p>\n\n\n\n<p>No objetivo do curr\u00edculo, voc\u00ea deve colocar o cargo que voc\u00ea quer ocupar ou a \u00e1rea em que quer trabalhar mais suas principais habilidades e experi\u00eancias.<\/p>\n\n\n\n<p><strong>Voc\u00ea deve adaptar seu objetivo profissional a todos os empregos para os quais se candidatar<\/strong>, destacando qualidades espec\u00edficas que correspondem \u00e0 vaga que voc\u00ea est\u00e1 procurando no momento.<\/p>\n\n\n\n<p>Aqui est\u00e3o alguns exemplos de objetivos para curr\u00edculo:<\/p>\n\n\n\n<p><strong>Exemplo 1:<\/strong><\/p>\n\n\n\n<blockquote class=\"wp-block-quote is-layout-flow wp-block-quote-is-layout-flow\">\n<p>Recepcionista excepcional com dois anos de experi\u00eancia em gerenciamento de chamadas, correspond\u00eancia e manuten\u00e7\u00e3o do escrit\u00f3rio. Busco um cargo de Recepcionista na Invest Grow.<\/p>\n<\/blockquote>\n\n\n\n<p><strong>Exemplo 2:<\/strong><\/p>\n\n\n\n<blockquote class=\"wp-block-quote is-layout-flow wp-block-quote-is-layout-flow\">\n<p>Motorista en\u00e9rgico e confi\u00e1vel com um bom hist\u00f3rico no transporte seguro de passageiros e mercadorias. Ansioso para trabalhar na T\u00e9cnica PC como motorista.<\/p>\n<\/blockquote>\n\n\n\n<p>Mais detalhes sobre como fazer um objetivo para o curr\u00edculo, recomendo ler este artigo: <a href=\"https:\/\/www.cv-elevation.com\/exemplos-de-objetivo-profissional-para-curriculo\/\">Objetivos Para Curr\u00edculo \u2013 20 Exemplos Prontos Para Copiar<\/a>.<\/p>\n\n\n\n<h3 class=\"wp-block-heading\"><strong>Coloque sua experi\u00eancia profissional<\/strong><\/h3>\n\n\n\n<p>Segundo a Catho, 80% dos recrutadores consideram a <strong>se\u00e7\u00e3o de experi\u00eancia a mais importante do curr\u00edculo<\/strong>.<\/p>\n\n\n\n<p>O campo de experi\u00eancia profissional deve ser colocado no curr\u00edculo ap\u00f3s o objetivo profissional ou <a href=\"https:\/\/www.trovagas.com\/blog\/exemplos-de-resumo-profissional-prontos\/\">resumo profissional<\/a>.<\/p>\n\n\n\n<p>Liste as suas experi\u00eancias profissionais, <strong>come\u00e7ando pelas mais recentes e chegando \u00e0s mais antigas<\/strong>. Em cada item, coloque o nome da empresa e o cargo exercido em negrito. Depois diga o per\u00edodo em que trabalhou e na outra linha, voc\u00ea deve descrever as atividades que exerceu e, sempre que poss\u00edvel, os resultados que alcan\u00e7ou.<\/p>\n\n\n<div class=\"wp-block-image\">\n<figure class=\"aligncenter size-full is-resized\"><img decoding=\"async\" width=\"879\" height=\"528\" src=\"https:\/\/www.trovagas.com\/blog\/wp-content\/uploads\/2023\/01\/experiencia-profissional-no-curriculo.png\" alt=\"experi\u00eancia profissional no curriculo\" class=\"wp-image-18068\" style=\"width:440px;height:264px\" srcset=\"https:\/\/www.trovagas.com\/blog\/wp-content\/uploads\/2023\/01\/experiencia-profissional-no-curriculo.png 879w, https:\/\/www.trovagas.com\/blog\/wp-content\/uploads\/2023\/01\/experiencia-profissional-no-curriculo-300x180.png 300w, https:\/\/www.trovagas.com\/blog\/wp-content\/uploads\/2023\/01\/experiencia-profissional-no-curriculo-768x461.png 768w\" sizes=\"(max-width: 879px) 100vw, 879px\" \/><figcaption class=\"wp-element-caption\">&nbsp;<br>Experi\u00eancia profissional no curr\u00edculo<\/figcaption><\/figure>\n<\/div>\n\n\n<h2 class=\"wp-block-heading\"><strong>Especifique sua forma\u00e7\u00e3o acad\u00eamica<\/strong><\/h2>\n\n\n\n<p>O pr\u00f3ximo passo \u00e9 especificar sua <a href=\"https:\/\/www.trovagas.com\/blog\/o-que-e-formacao-academica\/\">forma\u00e7\u00e3o acad\u00eamica<\/a>.<\/p><div class=\"0ef989406fa2f8ecda6ac14dee786ce5\" data-index=\"3\" style=\"float: none; margin:10px 0 10px 0; text-align:center;\">\n<!-- Ezoic - Middle of Post ADS blog - mid_content -->\r\n<div id=\"ezoic-pub-ad-placeholder-622\"> \r\n\r\n<script async src=\"https:\/\/pagead2.googlesyndication.com\/pagead\/js\/adsbygoogle.js?client=ca-pub-2763575153354649\"\r\n     crossorigin=\"anonymous\"><\/script>\r\n<!-- Middle of Post ADS blog -->\r\n<ins class=\"adsbygoogle\"\r\n     style=\"display:block\"\r\n     data-ad-client=\"ca-pub-2763575153354649\"\r\n     data-ad-slot=\"4790462605\"\r\n     data-ad-format=\"auto\"\r\n     data-full-width-responsive=\"true\"><\/ins>\r\n<script>\r\n     (adsbygoogle = window.adsbygoogle || []).push({});\r\n<\/script>\r\n\r\n<\/div>\r\n<!-- End Ezoic - Middle of Post ADS blog - mid_content -->\n<\/div>\n\n\n\n\n<p>Adicione no seu curr\u00edculo exclusivamente a forma\u00e7\u00e3o mais recente; se, por exemplo, voc\u00ea \u00e9 graduado em administra\u00e7\u00e3o de empresas, n\u00e3o \u00e9 necess\u00e1rio adicionar\u201d o ensino m\u00e9dio. \u201c; entende-se que, se voc\u00ea \u00e9 licenciado, \u00e9 porque terminou o ensino m\u00e9dio.<\/p>\n\n\n\n<p>Assim como as experi\u00eancias profissionais, a forma\u00e7\u00e3o acad\u00eamica deve ser apresentada no curr\u00edculo da <strong>mais recente para a mais antiga<\/strong>.<\/p>\n\n\n\n<p>Coloque o nome da institui\u00e7\u00e3o de ensino, curso e datas de in\u00edcio e t\u00e9rmino dos cursos que frequentou. Veja no exemplo abaixo.<\/p>\n\n\n<div class=\"wp-block-image\">\n<figure class=\"aligncenter size-large is-resized\"><img decoding=\"async\" width=\"1024\" height=\"215\" src=\"https:\/\/www.trovagas.com\/blog\/wp-content\/uploads\/2023\/01\/Preenchendo-a-Formacao-Academica-1024x215.png\" alt=\"forma\u00e7\u00e3o acad\u00eamica no curriculo\" class=\"wp-image-18070\" style=\"width:512px;height:108px\" srcset=\"https:\/\/www.trovagas.com\/blog\/wp-content\/uploads\/2023\/01\/Preenchendo-a-Formacao-Academica-1024x215.png 1024w, https:\/\/www.trovagas.com\/blog\/wp-content\/uploads\/2023\/01\/Preenchendo-a-Formacao-Academica-300x63.png 300w, https:\/\/www.trovagas.com\/blog\/wp-content\/uploads\/2023\/01\/Preenchendo-a-Formacao-Academica-768x161.png 768w, https:\/\/www.trovagas.com\/blog\/wp-content\/uploads\/2023\/01\/Preenchendo-a-Formacao-Academica.png 1048w\" sizes=\"(max-width: 1024px) 100vw, 1024px\" \/><figcaption class=\"wp-element-caption\">forma\u00e7\u00e3o acad\u00eamica seu curr\u00edculo<\/figcaption><\/figure>\n<\/div>\n\n\n<p>Se voc\u00ea n\u00e3o concluiu o curso, minha recomenda\u00e7\u00e3o \u00e9 incorpor\u00e1-lo, apenas deixe claro que o curso em quest\u00e3o n\u00e3o foi conclu\u00eddo.<\/p>\n\n\n\n<h3 class=\"wp-block-heading\"><strong>Destaque suas habilidades e compet\u00eancias<\/strong><\/h3>\n\n\n\n<p>As empresas est\u00e3o cada vez mais conscientes de que nenhuma forma\u00e7\u00e3o nem a experi\u00eancia fazem o sucesso de um profissional, <strong>suas habilidades \u00e9 que fazem a diferen\u00e7a<\/strong>.<\/p>\n\n\n\n<p>Nesta se\u00e7\u00e3o, que pode ser chamada de <strong>\u201chabilidades e compet\u00eancias\u201d<\/strong>, coloque at\u00e9 7 habilidades importantes para o cargo, mas que isso, s\u00f3 vai distrair o recrutador.<\/p>\n\n\n\n<p>Ao preencher est\u00e1 se\u00e7\u00e3o, de mais aten\u00e7\u00e3o as habilidades hard skills, como dom\u00ednio de idiomas e de ferramentas inform\u00e1ticas&nbsp;que voc\u00ea usa no dia a dia, como por exemplo o <a href=\"https:\/\/www.trovagas.com\/blog\/como-colocar-pacote-office-no-curriculo\/\">pacote office<\/a>, no entanto n\u00e3o se esque\u00e7a tamb\u00e9m de adicionar habilidades soft skills, como boa comunica\u00e7\u00e3o, criatividade e trabalho em equipe.<\/p>\n\n\n<div class=\"wp-block-image\">\n<figure class=\"aligncenter size-full is-resized\"><img loading=\"lazy\" decoding=\"async\" width=\"951\" height=\"284\" src=\"https:\/\/www.trovagas.com\/blog\/wp-content\/uploads\/2023\/01\/habilidades-e-competencias-no-curriculo.png\" alt=\"habilidades e compet\u00eancias no curriculum\" class=\"wp-image-18073\" style=\"width:476px;height:142px\" srcset=\"https:\/\/www.trovagas.com\/blog\/wp-content\/uploads\/2023\/01\/habilidades-e-competencias-no-curriculo.png 951w, https:\/\/www.trovagas.com\/blog\/wp-content\/uploads\/2023\/01\/habilidades-e-competencias-no-curriculo-300x90.png 300w, https:\/\/www.trovagas.com\/blog\/wp-content\/uploads\/2023\/01\/habilidades-e-competencias-no-curriculo-768x229.png 768w\" sizes=\"(max-width: 951px) 100vw, 951px\" \/><figcaption class=\"wp-element-caption\">Habilidades e compet\u00eancias no curr\u00edculo<\/figcaption><\/figure>\n<\/div>\n\n\n<p>Para voc\u00ea n\u00e3o colocar habilidades incorretas no seu curr\u00edculo, <strong>recomendo ler atentamente o an\u00fancio de emprego <\/strong>para descobrir as habilidades e compet\u00eancias que o recrutador est\u00e1 buscando.<\/p>\n\n\n\n<h3 class=\"wp-block-heading\"><strong>Cursos complementares<\/strong><\/h3>\n\n\n\n<p>Nesta se\u00e7\u00e3o, voc\u00ea pode adicionar todos os cursos que fez (presenciais e online), <strong>mas aconselho a colocar os mais importantes<\/strong>, que contribuem para o trabalho que voc\u00ea est\u00e1 se candidatando e que s\u00e3o mais ou menos recentes.<\/p>\n\n\n\n<p><strong>ATEN\u00c7\u00c3O: <\/strong>Cursos desatualizados, que j\u00e1 n\u00e3o tenham utilidade ou que estejam fora da sua \u00e1rea de interesse <strong>devem ser eliminados do curr\u00edculo<\/strong>.<\/p>\n\n\n\n<h3 class=\"wp-block-heading\"><strong>Como colocar cursos complementares no curr\u00edculo?<\/strong><\/h3>\n\n\n\n<ul class=\"wp-block-list\">\n<li>Cria uma se\u00e7\u00e3o no seu curr\u00edculo e chame-a de <strong>\u201ccursos complementares\u201d<\/strong>.<\/li>\n\n\n\n<li>Informe o <strong>nome do curso<\/strong>.<\/li>\n\n\n\n<li><strong>Nome da escola ou centro onde estudou<\/strong>.<\/li>\n\n\n\n<li>Indique a data inicial e final.<\/li>\n\n\n\n<li><strong>Dura\u00e7\u00e3o\/horas do curso<\/strong>. S\u00f3 vale a pena se o curso for longo, para que eles saibam que voc\u00ea aprendeu sobre o assunto em profundidade. Se foi muito curto, n\u00e3o \u00e9 necess\u00e1rio colocar a dura\u00e7\u00e3o.<\/li>\n<\/ul>\n\n\n\n<p>Veja um exemplo de como estes cursos ficam no curr\u00edculo:<\/p>\n\n\n<div class=\"wp-block-image\">\n<figure class=\"aligncenter size-full\"><img loading=\"lazy\" decoding=\"async\" width=\"940\" height=\"212\" src=\"https:\/\/www.trovagas.com\/blog\/wp-content\/uploads\/2023\/01\/image.png\" alt=\"\" class=\"wp-image-18117\" srcset=\"https:\/\/www.trovagas.com\/blog\/wp-content\/uploads\/2023\/01\/image.png 940w, https:\/\/www.trovagas.com\/blog\/wp-content\/uploads\/2023\/01\/image-300x68.png 300w, https:\/\/www.trovagas.com\/blog\/wp-content\/uploads\/2023\/01\/image-768x173.png 768w\" sizes=\"(max-width: 940px) 100vw, 940px\" \/><figcaption class=\"wp-element-caption\">Cursos no curr\u00edculo<\/figcaption><\/figure>\n<\/div>\n\n\n<p><strong>&nbsp;Dica:<\/strong> Se um dos cursos que voc\u00ea fez for muito importante para o cargo, <strong>coloque-o em primeiro lugar, mesmo que n\u00e3o seja o curso mais recente<\/strong>. Ent\u00e3o voc\u00ea continua listando os outros cursos mantendo-os em ordem cronol\u00f3gica inversa<\/p>\n\n\n\n<h3 class=\"wp-block-heading\"><strong>Colocando os idiomas<\/strong><\/h3>\n\n\n\n<p>Esta \u00e1rea pode fazer a diferen\u00e7a entre si e outros candidatos. <\/p>\n\n\n\n<p>Coloque os idiomas que voc\u00ea realmente conhece (fala, l\u00ea, escreve) e especifique o n\u00edvel de flu\u00eancia.<\/p>\n\n\n<div class=\"wp-block-image\">\n<figure class=\"aligncenter size-full is-resized\"><img loading=\"lazy\" decoding=\"async\" width=\"425\" height=\"167\" src=\"https:\/\/www.trovagas.com\/blog\/wp-content\/uploads\/2023\/01\/idiomas-no-curriculo.png\" alt=\"idiomas no curriculo\" class=\"wp-image-18076\" style=\"width:213px;height:84px\" srcset=\"https:\/\/www.trovagas.com\/blog\/wp-content\/uploads\/2023\/01\/idiomas-no-curriculo.png 425w, https:\/\/www.trovagas.com\/blog\/wp-content\/uploads\/2023\/01\/idiomas-no-curriculo-300x118.png 300w\" sizes=\"(max-width: 425px) 100vw, 425px\" \/><figcaption class=\"wp-element-caption\">Idiomas no curr\u00edculo<\/figcaption><\/figure>\n<\/div>\n\n\n<h3 class=\"wp-block-heading\"><strong>Coloque informa\u00e7\u00f5es adicionais<\/strong><\/h3>\n\n\n\n<p>Para finalizar, voc\u00ea tamb\u00e9m pode incluir informa\u00e7\u00f5es adicionais.<\/p>\n\n\n\n<p>Mas, aten\u00e7\u00e3o, est\u00e1 se\u00e7\u00e3o deve ser colocada somente se houver informa\u00e7\u00f5es adicionais, que n\u00e3o correspondam \u00e0s se\u00e7\u00f5es anteriores, e que sejam importantes para o emprego que voc\u00ea est\u00e1 se candidatando.<\/p>\n\n\n\n<p>Nas informa\u00e7\u00f5es adicionais voc\u00ea pode incluir seus hobbies, interc\u00e2mbios, carteira de habilita\u00e7\u00e3o, cursos, disponibilidade de hor\u00e1rios e premia\u00e7\u00f5es.<\/p>\n\n\n\n<figure class=\"wp-block-image size-full\"><img loading=\"lazy\" decoding=\"async\" width=\"663\" height=\"194\" src=\"https:\/\/www.trovagas.com\/blog\/wp-content\/uploads\/2023\/01\/Informacoes-Adicionais-no-curriculo.png\" alt=\"informa\u00e7\u00f5es adicionais no curr\u00edculo\" class=\"wp-image-18078\" srcset=\"https:\/\/www.trovagas.com\/blog\/wp-content\/uploads\/2023\/01\/Informacoes-Adicionais-no-curriculo.png 663w, https:\/\/www.trovagas.com\/blog\/wp-content\/uploads\/2023\/01\/Informacoes-Adicionais-no-curriculo-300x88.png 300w\" sizes=\"(max-width: 663px) 100vw, 663px\" \/><figcaption class=\"wp-element-caption\">Informa\u00e7\u00f5es adicionais no curr\u00edculo<\/figcaption><\/figure>\n\n\n\n<p>Quer saber mais sobre o que pode entrar como informa\u00e7\u00f5es adicionais no curr\u00edculo, ent\u00e3o leia este guia: <a href=\"https:\/\/www.trovagas.com\/blog\/informacoes-adicionais-no-curriculo\/\">Informa\u00e7\u00f5es adicionais no curr\u00edculo: Veja o que colocar<\/a>.<\/p>\n\n\n\n<p><\/p>\n\n<div style=\"font-size: 0px; height: 0px; line-height: 0px; margin: 0; padding: 0; clear: both;\"><\/div>","protected":false},"excerpt":{"rendered":"<p>Use o nosso gerador de curr\u00edculo online e gr\u00e1tis para criar seu CV em poucos minutos, de forma simples sem cadastro. Basta preencher suas informa\u00e7\u00f5es pessoais, experi\u00eancias profissionais, forma\u00e7\u00e3o acad\u00eamica e habilidades, e nosso gerador criar\u00e1 um curr\u00edculo profissional e atraente para voc\u00ea. Preencha os campos abaixo e clique em Pr\u00e9-visualizar para ver uma pr\u00e9via [&hellip;]<\/p>\n","protected":false},"author":1,"featured_media":0,"parent":0,"menu_order":0,"comment_status":"closed","ping_status":"closed","template":"","meta":{"jnews_page_loop":[],"jnews_single_page":[],"jnews_social_meta":[],"footnotes":""},"class_list":["post-30801","page","type-page","status-publish","hentry"],"yoast_head":"<!-- This site is optimized with the Yoast SEO plugin v27.5 - https:\/\/yoast.com\/product\/yoast-seo-wordpress\/ -->\n<title>Gerador de Curr\u00edculo Online e Gr\u00e1tis - Trovagas<\/title>\n<meta name=\"description\" content=\"Use o nosso gerador de curr\u00edculo online gr\u00e1tis para criar seu CV em poucos minutos, de forma simples sem cadastro.\" \/>\n<meta name=\"robots\" content=\"index, follow, max-snippet:-1, max-image-preview:large, max-video-preview:-1\" \/>\n<link rel=\"canonical\" href=\"https:\/\/www.trovagas.com\/blog\/gerador-de-curriculo\/\" \/>\n<meta property=\"og:locale\" content=\"pt_PT\" \/>\n<meta property=\"og:type\" content=\"article\" \/>\n<meta property=\"og:title\" content=\"Gerador de Curr\u00edculo Online e Gr\u00e1tis - Trovagas\" \/>\n<meta property=\"og:description\" content=\"Use o nosso gerador de curr\u00edculo online gr\u00e1tis para criar seu CV em poucos minutos, de forma simples sem cadastro.\" \/>\n<meta property=\"og:url\" content=\"https:\/\/www.trovagas.com\/blog\/gerador-de-curriculo\/\" \/>\n<meta property=\"og:site_name\" content=\"Trovagas\" \/>\n<meta property=\"article:publisher\" content=\"https:\/\/facebook.com\/trovagas\" \/>\n<meta property=\"article:modified_time\" content=\"2025-02-20T05:50:59+00:00\" \/>\n<meta property=\"og:image\" content=\"https:\/\/www.trovagas.com\/blog\/wp-content\/uploads\/2023\/01\/informacoes-pessoais-no-curriculo.png\" \/>\n<meta name=\"twitter:card\" content=\"summary_large_image\" \/>\n<meta name=\"twitter:label1\" content=\"Tempo estimado de leitura\" \/>\n\t<meta name=\"twitter:data1\" content=\"6 minutos\" \/>\n<script type=\"application\/ld+json\" class=\"yoast-schema-graph\">{\"@context\":\"https:\\\/\\\/schema.org\",\"@graph\":[{\"@type\":\"WebPage\",\"@id\":\"https:\\\/\\\/www.trovagas.com\\\/blog\\\/gerador-de-curriculo\\\/\",\"url\":\"https:\\\/\\\/www.trovagas.com\\\/blog\\\/gerador-de-curriculo\\\/\",\"name\":\"Gerador de Curr\u00edculo Online e Gr\u00e1tis - Trovagas\",\"isPartOf\":{\"@id\":\"https:\\\/\\\/www.trovagas.com\\\/blog\\\/#website\"},\"primaryImageOfPage\":{\"@id\":\"https:\\\/\\\/www.trovagas.com\\\/blog\\\/gerador-de-curriculo\\\/#primaryimage\"},\"image\":{\"@id\":\"https:\\\/\\\/www.trovagas.com\\\/blog\\\/gerador-de-curriculo\\\/#primaryimage\"},\"thumbnailUrl\":\"https:\\\/\\\/www.trovagas.com\\\/blog\\\/wp-content\\\/uploads\\\/2023\\\/01\\\/informacoes-pessoais-no-curriculo.png\",\"datePublished\":\"2025-02-16T09:35:54+00:00\",\"dateModified\":\"2025-02-20T05:50:59+00:00\",\"description\":\"Use o nosso gerador de curr\u00edculo online gr\u00e1tis para criar seu CV em poucos minutos, de forma simples sem cadastro.\",\"breadcrumb\":{\"@id\":\"https:\\\/\\\/www.trovagas.com\\\/blog\\\/gerador-de-curriculo\\\/#breadcrumb\"},\"inLanguage\":\"pt-PT\",\"potentialAction\":[{\"@type\":\"ReadAction\",\"target\":[\"https:\\\/\\\/www.trovagas.com\\\/blog\\\/gerador-de-curriculo\\\/\"]}]},{\"@type\":\"ImageObject\",\"inLanguage\":\"pt-PT\",\"@id\":\"https:\\\/\\\/www.trovagas.com\\\/blog\\\/gerador-de-curriculo\\\/#primaryimage\",\"url\":\"https:\\\/\\\/www.trovagas.com\\\/blog\\\/wp-content\\\/uploads\\\/2023\\\/01\\\/informacoes-pessoais-no-curriculo.png\",\"contentUrl\":\"https:\\\/\\\/www.trovagas.com\\\/blog\\\/wp-content\\\/uploads\\\/2023\\\/01\\\/informacoes-pessoais-no-curriculo.png\",\"width\":492,\"height\":199},{\"@type\":\"BreadcrumbList\",\"@id\":\"https:\\\/\\\/www.trovagas.com\\\/blog\\\/gerador-de-curriculo\\\/#breadcrumb\",\"itemListElement\":[{\"@type\":\"ListItem\",\"position\":1,\"name\":\"Home\",\"item\":\"https:\\\/\\\/www.trovagas.com\\\/blog\\\/\"},{\"@type\":\"ListItem\",\"position\":2,\"name\":\"Gerador de Curr\u00edculo Online e Gr\u00e1tis\"}]},{\"@type\":\"WebSite\",\"@id\":\"https:\\\/\\\/www.trovagas.com\\\/blog\\\/#website\",\"url\":\"https:\\\/\\\/www.trovagas.com\\\/blog\\\/\",\"name\":\"Trovagas\",\"description\":\"\",\"potentialAction\":[{\"@type\":\"SearchAction\",\"target\":{\"@type\":\"EntryPoint\",\"urlTemplate\":\"https:\\\/\\\/www.trovagas.com\\\/blog\\\/?s={search_term_string}\"},\"query-input\":{\"@type\":\"PropertyValueSpecification\",\"valueRequired\":true,\"valueName\":\"search_term_string\"}}],\"inLanguage\":\"pt-PT\"}]}<\/script>\n<!-- \/ Yoast SEO plugin. -->","yoast_head_json":{"title":"Gerador de Curr\u00edculo Online e Gr\u00e1tis - Trovagas","description":"Use o nosso gerador de curr\u00edculo online gr\u00e1tis para criar seu CV em poucos minutos, de forma simples sem cadastro.","robots":{"index":"index","follow":"follow","max-snippet":"max-snippet:-1","max-image-preview":"max-image-preview:large","max-video-preview":"max-video-preview:-1"},"canonical":"https:\/\/www.trovagas.com\/blog\/gerador-de-curriculo\/","og_locale":"pt_PT","og_type":"article","og_title":"Gerador de Curr\u00edculo Online e Gr\u00e1tis - Trovagas","og_description":"Use o nosso gerador de curr\u00edculo online gr\u00e1tis para criar seu CV em poucos minutos, de forma simples sem cadastro.","og_url":"https:\/\/www.trovagas.com\/blog\/gerador-de-curriculo\/","og_site_name":"Trovagas","article_publisher":"https:\/\/facebook.com\/trovagas","article_modified_time":"2025-02-20T05:50:59+00:00","og_image":[{"url":"https:\/\/www.trovagas.com\/blog\/wp-content\/uploads\/2023\/01\/informacoes-pessoais-no-curriculo.png","type":"","width":"","height":""}],"twitter_card":"summary_large_image","twitter_misc":{"Tempo estimado de leitura":"6 minutos"},"schema":{"@context":"https:\/\/schema.org","@graph":[{"@type":"WebPage","@id":"https:\/\/www.trovagas.com\/blog\/gerador-de-curriculo\/","url":"https:\/\/www.trovagas.com\/blog\/gerador-de-curriculo\/","name":"Gerador de Curr\u00edculo Online e Gr\u00e1tis - Trovagas","isPartOf":{"@id":"https:\/\/www.trovagas.com\/blog\/#website"},"primaryImageOfPage":{"@id":"https:\/\/www.trovagas.com\/blog\/gerador-de-curriculo\/#primaryimage"},"image":{"@id":"https:\/\/www.trovagas.com\/blog\/gerador-de-curriculo\/#primaryimage"},"thumbnailUrl":"https:\/\/www.trovagas.com\/blog\/wp-content\/uploads\/2023\/01\/informacoes-pessoais-no-curriculo.png","datePublished":"2025-02-16T09:35:54+00:00","dateModified":"2025-02-20T05:50:59+00:00","description":"Use o nosso gerador de curr\u00edculo online gr\u00e1tis para criar seu CV em poucos minutos, de forma simples sem cadastro.","breadcrumb":{"@id":"https:\/\/www.trovagas.com\/blog\/gerador-de-curriculo\/#breadcrumb"},"inLanguage":"pt-PT","potentialAction":[{"@type":"ReadAction","target":["https:\/\/www.trovagas.com\/blog\/gerador-de-curriculo\/"]}]},{"@type":"ImageObject","inLanguage":"pt-PT","@id":"https:\/\/www.trovagas.com\/blog\/gerador-de-curriculo\/#primaryimage","url":"https:\/\/www.trovagas.com\/blog\/wp-content\/uploads\/2023\/01\/informacoes-pessoais-no-curriculo.png","contentUrl":"https:\/\/www.trovagas.com\/blog\/wp-content\/uploads\/2023\/01\/informacoes-pessoais-no-curriculo.png","width":492,"height":199},{"@type":"BreadcrumbList","@id":"https:\/\/www.trovagas.com\/blog\/gerador-de-curriculo\/#breadcrumb","itemListElement":[{"@type":"ListItem","position":1,"name":"Home","item":"https:\/\/www.trovagas.com\/blog\/"},{"@type":"ListItem","position":2,"name":"Gerador de Curr\u00edculo Online e Gr\u00e1tis"}]},{"@type":"WebSite","@id":"https:\/\/www.trovagas.com\/blog\/#website","url":"https:\/\/www.trovagas.com\/blog\/","name":"Trovagas","description":"","potentialAction":[{"@type":"SearchAction","target":{"@type":"EntryPoint","urlTemplate":"https:\/\/www.trovagas.com\/blog\/?s={search_term_string}"},"query-input":{"@type":"PropertyValueSpecification","valueRequired":true,"valueName":"search_term_string"}}],"inLanguage":"pt-PT"}]}},"_links":{"self":[{"href":"https:\/\/www.trovagas.com\/blog\/wp-json\/wp\/v2\/pages\/30801","targetHints":{"allow":["GET"]}}],"collection":[{"href":"https:\/\/www.trovagas.com\/blog\/wp-json\/wp\/v2\/pages"}],"about":[{"href":"https:\/\/www.trovagas.com\/blog\/wp-json\/wp\/v2\/types\/page"}],"author":[{"embeddable":true,"href":"https:\/\/www.trovagas.com\/blog\/wp-json\/wp\/v2\/users\/1"}],"replies":[{"embeddable":true,"href":"https:\/\/www.trovagas.com\/blog\/wp-json\/wp\/v2\/comments?post=30801"}],"version-history":[{"count":5,"href":"https:\/\/www.trovagas.com\/blog\/wp-json\/wp\/v2\/pages\/30801\/revisions"}],"predecessor-version":[{"id":30816,"href":"https:\/\/www.trovagas.com\/blog\/wp-json\/wp\/v2\/pages\/30801\/revisions\/30816"}],"wp:attachment":[{"href":"https:\/\/www.trovagas.com\/blog\/wp-json\/wp\/v2\/media?parent=30801"}],"curies":[{"name":"wp","href":"https:\/\/api.w.org\/{rel}","templated":true}]}}