{"id":30090,"date":"2024-10-09T10:28:18","date_gmt":"2024-10-09T10:28:18","guid":{"rendered":"http:\/\/tro.iwvzsbhhh0-wl6nevzre652.p.temp-site.link\/blog\/home-1\/"},"modified":"2024-11-30T13:00:48","modified_gmt":"2024-11-30T11:00:48","slug":"home-1","status":"publish","type":"page","link":"https:\/\/www.trovagas.com\/blog\/","title":{"rendered":"Home"},"content":{"rendered":"<div class=\"wpb-content-wrapper\"><p>[vc_row vc_row_background=&#8221;&#8221; css=&#8221;.vc_custom_1491643032803{margin-top: 20px !important;}&#8221;][vc_column]<div  class=\"jeg_postblock_33 jeg_postblock jeg_module_hook jeg_pagination_disable jeg_col_3o3 jnews_module__0_69fa19ed08862   \" data-unique=\"jnews_module__0_69fa19ed08862\">\n\t\t\t\t\t\n\t\t\t\t\t<div class=\"jeg_block_container\">\n\t\t\t\t\t\n\t\t\t\t\t<div class=\"jeg_posts_wrap jeg_posts_masonry\">\n\t\t\t\t\t<div class=\"jeg_posts jeg_load_more_flag\"> \n\t\t\t\t\t\t<article class=\"jeg_post  format-standard\">\n\t\t\t\t\t<div class=\"box_wrap\">\n\t\t\t\t\t\t<div class=\"jeg_thumb\">\n\t\t\t\t\t\t\t\n\t\t\t\t\t\t\t<a href=\"https:\/\/www.trovagas.com\/blog\/objetivo-para-curriculo-jovem-aprendiz\/\" aria-label=\"Read article: Objetivo para curr\u00edculo Jovem Aprendiz: 10 Modelos Prontos\"><div class=\"thumbnail-container  size-1000 \"><img fetchpriority=\"high\" decoding=\"async\" width=\"750\" height=\"563\" src=\"https:\/\/www.trovagas.com\/blog\/wp-content\/uploads\/2022\/12\/objetivo-para-curriculo-Jovem-Aprendiz.jpg\" class=\"attachment-jnews-featured-750 size-jnews-featured-750 wp-post-image\" alt=\"objetivo para curr\u00edculo Jovem Aprendiz\" srcset=\"https:\/\/www.trovagas.com\/blog\/wp-content\/uploads\/2022\/12\/objetivo-para-curriculo-Jovem-Aprendiz.jpg 1920w, https:\/\/www.trovagas.com\/blog\/wp-content\/uploads\/2022\/12\/objetivo-para-curriculo-Jovem-Aprendiz-300x225.jpg 300w, https:\/\/www.trovagas.com\/blog\/wp-content\/uploads\/2022\/12\/objetivo-para-curriculo-Jovem-Aprendiz-1024x768.jpg 1024w, https:\/\/www.trovagas.com\/blog\/wp-content\/uploads\/2022\/12\/objetivo-para-curriculo-Jovem-Aprendiz-768x576.jpg 768w, https:\/\/www.trovagas.com\/blog\/wp-content\/uploads\/2022\/12\/objetivo-para-curriculo-Jovem-Aprendiz-1536x1152.jpg 1536w, https:\/\/www.trovagas.com\/blog\/wp-content\/uploads\/2022\/12\/objetivo-para-curriculo-Jovem-Aprendiz-320x240.jpg 320w\" sizes=\"(max-width: 750px) 100vw, 750px\" \/><\/div><\/a>\n\t\t\t\t\t\t\t<div class=\"jeg_post_category\">\n\t\t\t\t\t\t\t\t<span><a href=\"https:\/\/www.trovagas.com\/blog\/objetivo-profissional\/\" class=\"category-objetivo-profissional\">Objetivo Profissional<\/a><\/span>\n\t\t\t\t\t\t\t<\/div>\n\t\t\t\t\t\t<\/div>\n\t\t\t\t\t\t<div class=\"jeg_postblock_content\">\n\t\t\t\t\t\t\t<h3 class=\"jeg_post_title\">\n\t\t\t\t\t\t\t\t<a href=\"https:\/\/www.trovagas.com\/blog\/objetivo-para-curriculo-jovem-aprendiz\/\">Objetivo para curr\u00edculo Jovem Aprendiz: 10 Modelos Prontos<\/a>\n\t\t\t\t\t\t\t<\/h3>\n\t\t\t\t\t\t\t\n\t\t\t\t\t\t\t<div class=\"jeg_post_excerpt\">\n\t\t\t\t\t\t\t\t<p>Confira abaixo, 10 exemplos de objetivo para curr\u00edculo Jovem Aprendiz. Use estes exemplos como inspira\u00e7\u00e3o para escrever seu pr\u00f3prio objetivo...<\/p>\n\t\t\t\t\t\t\t\t<a href=\"https:\/\/www.trovagas.com\/blog\/objetivo-para-curriculo-jovem-aprendiz\/\" class=\"jeg_readmore\">Read more<span class=\"screen-reader-text\">Details<\/span><\/a>\n\t\t\t\t\t\t\t<\/div>\n\t\t\t\t\t\t<\/div>\n\t\t\t\t\t<\/div>\n\t\t\t\t<\/article><article class=\"jeg_post  format-standard\">\n\t\t\t\t\t<div class=\"box_wrap\">\n\t\t\t\t\t\t<div class=\"jeg_thumb\">\n\t\t\t\t\t\t\t\n\t\t\t\t\t\t\t<a href=\"https:\/\/www.trovagas.com\/blog\/objetivo-de-curriculo-para-qualquer-area\/\" aria-label=\"Read article: Objetivo curr\u00edculo qualquer \u00e1rea: 10 exemplos prontos para usar\"><div class=\"thumbnail-container  size-1000 \"><img decoding=\"async\" width=\"750\" height=\"500\" src=\"https:\/\/www.trovagas.com\/blog\/wp-content\/uploads\/2023\/09\/objetivos-de-curriculo-para-qualquer-area.jpg\" class=\"attachment-jnews-featured-750 size-jnews-featured-750 wp-post-image\" alt=\"objetivos de curr\u00edculo para qualquer \u00e1rea\" srcset=\"https:\/\/www.trovagas.com\/blog\/wp-content\/uploads\/2023\/09\/objetivos-de-curriculo-para-qualquer-area.jpg 1500w, https:\/\/www.trovagas.com\/blog\/wp-content\/uploads\/2023\/09\/objetivos-de-curriculo-para-qualquer-area-300x200.jpg 300w, https:\/\/www.trovagas.com\/blog\/wp-content\/uploads\/2023\/09\/objetivos-de-curriculo-para-qualquer-area-1024x683.jpg 1024w, https:\/\/www.trovagas.com\/blog\/wp-content\/uploads\/2023\/09\/objetivos-de-curriculo-para-qualquer-area-768x512.jpg 768w\" sizes=\"(max-width: 750px) 100vw, 750px\" \/><\/div><\/a>\n\t\t\t\t\t\t\t<div class=\"jeg_post_category\">\n\t\t\t\t\t\t\t\t<span><a href=\"https:\/\/www.trovagas.com\/blog\/objetivo-profissional\/\" class=\"category-objetivo-profissional\">Objetivo Profissional<\/a><\/span>\n\t\t\t\t\t\t\t<\/div>\n\t\t\t\t\t\t<\/div>\n\t\t\t\t\t\t<div class=\"jeg_postblock_content\">\n\t\t\t\t\t\t\t<h3 class=\"jeg_post_title\">\n\t\t\t\t\t\t\t\t<a href=\"https:\/\/www.trovagas.com\/blog\/objetivo-de-curriculo-para-qualquer-area\/\">Objetivo curr\u00edculo qualquer \u00e1rea: 10 exemplos prontos para usar<\/a>\n\t\t\t\t\t\t\t<\/h3>\n\t\t\t\t\t\t\t\n\t\t\t\t\t\t\t<div class=\"jeg_post_excerpt\">\n\t\t\t\t\t\t\t\t<p>\u00c0 procura de objetivos de curr\u00edculo para qualquer \u00e1rea? Voc\u00ea veio ao lugar certo! Neste artigo, compilamos uma lista de...<\/p>\n\t\t\t\t\t\t\t\t<a href=\"https:\/\/www.trovagas.com\/blog\/objetivo-de-curriculo-para-qualquer-area\/\" class=\"jeg_readmore\">Read more<span class=\"screen-reader-text\">Details<\/span><\/a>\n\t\t\t\t\t\t\t<\/div>\n\t\t\t\t\t\t<\/div>\n\t\t\t\t\t<\/div>\n\t\t\t\t<\/article><article class=\"jeg_post  format-standard\">\n\t\t\t\t\t<div class=\"box_wrap\">\n\t\t\t\t\t\t<div class=\"jeg_thumb\">\n\t\t\t\t\t\t\t\n\t\t\t\t\t\t\t<a href=\"https:\/\/www.trovagas.com\/blog\/curriculum-vitae-word-download\/\" aria-label=\"Read article: 10 Modelos de Curriculum Vitae em Word (Download Gr\u00e1tis)\"><div class=\"thumbnail-container  size-1000 \"><img decoding=\"async\" width=\"750\" height=\"506\" src=\"https:\/\/www.trovagas.com\/blog\/wp-content\/uploads\/2021\/05\/Curriculum-Vitae-Word-Para-Download-scaled.jpg\" class=\"attachment-jnews-featured-750 size-jnews-featured-750 wp-post-image\" alt=\"Curriculum Vitae Word Para Download\" srcset=\"https:\/\/www.trovagas.com\/blog\/wp-content\/uploads\/2021\/05\/Curriculum-Vitae-Word-Para-Download-scaled.jpg 2560w, https:\/\/www.trovagas.com\/blog\/wp-content\/uploads\/2021\/05\/Curriculum-Vitae-Word-Para-Download-300x202.jpg 300w, https:\/\/www.trovagas.com\/blog\/wp-content\/uploads\/2021\/05\/Curriculum-Vitae-Word-Para-Download-1024x691.jpg 1024w, https:\/\/www.trovagas.com\/blog\/wp-content\/uploads\/2021\/05\/Curriculum-Vitae-Word-Para-Download-768x518.jpg 768w, https:\/\/www.trovagas.com\/blog\/wp-content\/uploads\/2021\/05\/Curriculum-Vitae-Word-Para-Download-1536x1036.jpg 1536w, https:\/\/www.trovagas.com\/blog\/wp-content\/uploads\/2021\/05\/Curriculum-Vitae-Word-Para-Download-2048x1382.jpg 2048w, https:\/\/www.trovagas.com\/blog\/wp-content\/uploads\/2021\/05\/Curriculum-Vitae-Word-Para-Download-1568x1058.jpg 1568w, https:\/\/www.trovagas.com\/blog\/wp-content\/uploads\/2021\/05\/Curriculum-Vitae-Word-Para-Download-1200x810.jpg 1200w\" sizes=\"(max-width: 750px) 100vw, 750px\" \/><\/div><\/a>\n\t\t\t\t\t\t\t<div class=\"jeg_post_category\">\n\t\t\t\t\t\t\t\t<span><a href=\"https:\/\/www.trovagas.com\/blog\/modelos-de-cv\/\" class=\"category-modelos-de-cv\">Modelos de CV<\/a><\/span>\n\t\t\t\t\t\t\t<\/div>\n\t\t\t\t\t\t<\/div>\n\t\t\t\t\t\t<div class=\"jeg_postblock_content\">\n\t\t\t\t\t\t\t<h3 class=\"jeg_post_title\">\n\t\t\t\t\t\t\t\t<a href=\"https:\/\/www.trovagas.com\/blog\/curriculum-vitae-word-download\/\">10 Modelos de Curriculum Vitae em Word (Download Gr\u00e1tis)<\/a>\n\t\t\t\t\t\t\t<\/h3>\n\t\t\t\t\t\t\t\n\t\t\t\t\t\t\t<div class=\"jeg_post_excerpt\">\n\t\t\t\t\t\t\t\t<p>Baixe gratuitamente modelos de Curriculum Vitae em Word e personalize ao seu gosto.Cada um dos modelos de Curriculum Vitae \u00e9...<\/p>\n\t\t\t\t\t\t\t\t<a href=\"https:\/\/www.trovagas.com\/blog\/curriculum-vitae-word-download\/\" class=\"jeg_readmore\">Read more<span class=\"screen-reader-text\">Details<\/span><\/a>\n\t\t\t\t\t\t\t<\/div>\n\t\t\t\t\t\t<\/div>\n\t\t\t\t\t<\/div>\n\t\t\t\t<\/article><article class=\"jeg_post  format-standard\">\n\t\t\t\t\t<div class=\"box_wrap\">\n\t\t\t\t\t\t<div class=\"jeg_thumb\">\n\t\t\t\t\t\t\t\n\t\t\t\t\t\t\t<a href=\"https:\/\/www.trovagas.com\/blog\/modelos-de-curriculo-para-primeiro-emprego\/\" aria-label=\"Read article: Curr\u00edculo para primeiro emprego pronto Word\"><div class=\"thumbnail-container  size-1000 \"><img loading=\"lazy\" decoding=\"async\" width=\"750\" height=\"971\" src=\"https:\/\/www.trovagas.com\/blog\/wp-content\/uploads\/2023\/08\/Exemplo-de-curriculo-para-primeiro-emprego-pronto-em-Word.jpg\" class=\"attachment-jnews-featured-750 size-jnews-featured-750 wp-post-image\" alt=\"\" srcset=\"https:\/\/www.trovagas.com\/blog\/wp-content\/uploads\/2023\/08\/Exemplo-de-curriculo-para-primeiro-emprego-pronto-em-Word.jpg 1700w, https:\/\/www.trovagas.com\/blog\/wp-content\/uploads\/2023\/08\/Exemplo-de-curriculo-para-primeiro-emprego-pronto-em-Word-232x300.jpg 232w, https:\/\/www.trovagas.com\/blog\/wp-content\/uploads\/2023\/08\/Exemplo-de-curriculo-para-primeiro-emprego-pronto-em-Word-791x1024.jpg 791w, https:\/\/www.trovagas.com\/blog\/wp-content\/uploads\/2023\/08\/Exemplo-de-curriculo-para-primeiro-emprego-pronto-em-Word-768x994.jpg 768w, https:\/\/www.trovagas.com\/blog\/wp-content\/uploads\/2023\/08\/Exemplo-de-curriculo-para-primeiro-emprego-pronto-em-Word-1187x1536.jpg 1187w, https:\/\/www.trovagas.com\/blog\/wp-content\/uploads\/2023\/08\/Exemplo-de-curriculo-para-primeiro-emprego-pronto-em-Word-1583x2048.jpg 1583w\" sizes=\"(max-width: 750px) 100vw, 750px\" \/><\/div><\/a>\n\t\t\t\t\t\t\t<div class=\"jeg_post_category\">\n\t\t\t\t\t\t\t\t<span><a href=\"https:\/\/www.trovagas.com\/blog\/modelos-de-cv\/\" class=\"category-modelos-de-cv\">Modelos de CV<\/a><\/span>\n\t\t\t\t\t\t\t<\/div>\n\t\t\t\t\t\t<\/div>\n\t\t\t\t\t\t<div class=\"jeg_postblock_content\">\n\t\t\t\t\t\t\t<h3 class=\"jeg_post_title\">\n\t\t\t\t\t\t\t\t<a href=\"https:\/\/www.trovagas.com\/blog\/modelos-de-curriculo-para-primeiro-emprego\/\">Curr\u00edculo para primeiro emprego pronto Word<\/a>\n\t\t\t\t\t\t\t<\/h3>\n\t\t\t\t\t\t\t\n\t\t\t\t\t\t\t<div class=\"jeg_post_excerpt\">\n\t\t\t\t\t\t\t\t<p>Fazer um\u00a0curr\u00edculo para o primeiro emprego\u00a0\u00e9 um grande desafio, por isso, preparamos estes modelos de curr\u00edculo para primeiro emprego pronto...<\/p>\n\t\t\t\t\t\t\t\t<a href=\"https:\/\/www.trovagas.com\/blog\/modelos-de-curriculo-para-primeiro-emprego\/\" class=\"jeg_readmore\">Read more<span class=\"screen-reader-text\">Details<\/span><\/a>\n\t\t\t\t\t\t\t<\/div>\n\t\t\t\t\t\t<\/div>\n\t\t\t\t\t<\/div>\n\t\t\t\t<\/article><article class=\"jeg_post  format-standard\">\n\t\t\t\t\t<div class=\"box_wrap\">\n\t\t\t\t\t\t<div class=\"jeg_thumb\">\n\t\t\t\t\t\t\t\n\t\t\t\t\t\t\t<a href=\"https:\/\/www.trovagas.com\/blog\/curriculo-para-jovem-aprendiz-que-nunca-trabalhou-pronto\/\" aria-label=\"Read article: Curr\u00edculo de Jovem Aprendiz em Word (download gr\u00e1tis)\"><div class=\"thumbnail-container  size-1000 \"><img loading=\"lazy\" decoding=\"async\" width=\"750\" height=\"971\" src=\"https:\/\/www.trovagas.com\/blog\/wp-content\/uploads\/2023\/08\/Curriculo-para-Jovem-Aprendiz-em-Word-para-download.jpg\" class=\"attachment-jnews-featured-750 size-jnews-featured-750 wp-post-image\" alt=\"Curr\u00edculo para Jovem Aprendiz em Word para download\" srcset=\"https:\/\/www.trovagas.com\/blog\/wp-content\/uploads\/2023\/08\/Curriculo-para-Jovem-Aprendiz-em-Word-para-download.jpg 1700w, https:\/\/www.trovagas.com\/blog\/wp-content\/uploads\/2023\/08\/Curriculo-para-Jovem-Aprendiz-em-Word-para-download-232x300.jpg 232w, https:\/\/www.trovagas.com\/blog\/wp-content\/uploads\/2023\/08\/Curriculo-para-Jovem-Aprendiz-em-Word-para-download-791x1024.jpg 791w, https:\/\/www.trovagas.com\/blog\/wp-content\/uploads\/2023\/08\/Curriculo-para-Jovem-Aprendiz-em-Word-para-download-768x994.jpg 768w, https:\/\/www.trovagas.com\/blog\/wp-content\/uploads\/2023\/08\/Curriculo-para-Jovem-Aprendiz-em-Word-para-download-1187x1536.jpg 1187w, https:\/\/www.trovagas.com\/blog\/wp-content\/uploads\/2023\/08\/Curriculo-para-Jovem-Aprendiz-em-Word-para-download-1583x2048.jpg 1583w\" sizes=\"(max-width: 750px) 100vw, 750px\" \/><\/div><\/a>\n\t\t\t\t\t\t\t<div class=\"jeg_post_category\">\n\t\t\t\t\t\t\t\t<span><a href=\"https:\/\/www.trovagas.com\/blog\/modelos-de-cv\/\" class=\"category-modelos-de-cv\">Modelos de CV<\/a><\/span>\n\t\t\t\t\t\t\t<\/div>\n\t\t\t\t\t\t<\/div>\n\t\t\t\t\t\t<div class=\"jeg_postblock_content\">\n\t\t\t\t\t\t\t<h3 class=\"jeg_post_title\">\n\t\t\t\t\t\t\t\t<a href=\"https:\/\/www.trovagas.com\/blog\/curriculo-para-jovem-aprendiz-que-nunca-trabalhou-pronto\/\">Curr\u00edculo de Jovem Aprendiz em Word (download gr\u00e1tis)<\/a>\n\t\t\t\t\t\t\t<\/h3>\n\t\t\t\t\t\t\t\n\t\t\t\t\t\t\t<div class=\"jeg_post_excerpt\">\n\t\t\t\t\t\t\t\t<p>Procurando fazer seu primeiro curr\u00edculo como jovem aprendiz? Sabemos que criar um CV sem experi\u00eancia profissional pode parecer desafiador. Por...<\/p>\n\t\t\t\t\t\t\t\t<a href=\"https:\/\/www.trovagas.com\/blog\/curriculo-para-jovem-aprendiz-que-nunca-trabalhou-pronto\/\" class=\"jeg_readmore\">Read more<span class=\"screen-reader-text\">Details<\/span><\/a>\n\t\t\t\t\t\t\t<\/div>\n\t\t\t\t\t\t<\/div>\n\t\t\t\t\t<\/div>\n\t\t\t\t<\/article><article class=\"jeg_post  format-standard\">\n\t\t\t\t\t<div class=\"box_wrap\">\n\t\t\t\t\t\t<div class=\"jeg_thumb\">\n\t\t\t\t\t\t\t\n\t\t\t\t\t\t\t<a href=\"https:\/\/www.trovagas.com\/blog\/textos-para-enviar-com-curriculo-por-email\/\" aria-label=\"Read article: 10 textos prontos para enviar curr\u00edculo por email 2026\"><div class=\"thumbnail-container  size-1000 \"><img loading=\"lazy\" decoding=\"async\" width=\"750\" height=\"607\" src=\"https:\/\/www.trovagas.com\/blog\/wp-content\/uploads\/2022\/12\/Exemplos-de-textos-para-enviar-com-curriculo-por-email-2022.jpg\" class=\"attachment-jnews-featured-750 size-jnews-featured-750 wp-post-image\" alt=\"Exemplos de textos para enviar com curr\u00edculo por email 2022\" srcset=\"https:\/\/www.trovagas.com\/blog\/wp-content\/uploads\/2022\/12\/Exemplos-de-textos-para-enviar-com-curriculo-por-email-2022.jpg 1920w, https:\/\/www.trovagas.com\/blog\/wp-content\/uploads\/2022\/12\/Exemplos-de-textos-para-enviar-com-curriculo-por-email-2022-300x243.jpg 300w, https:\/\/www.trovagas.com\/blog\/wp-content\/uploads\/2022\/12\/Exemplos-de-textos-para-enviar-com-curriculo-por-email-2022-1024x829.jpg 1024w, https:\/\/www.trovagas.com\/blog\/wp-content\/uploads\/2022\/12\/Exemplos-de-textos-para-enviar-com-curriculo-por-email-2022-768x622.jpg 768w, https:\/\/www.trovagas.com\/blog\/wp-content\/uploads\/2022\/12\/Exemplos-de-textos-para-enviar-com-curriculo-por-email-2022-1536x1244.jpg 1536w\" sizes=\"(max-width: 750px) 100vw, 750px\" \/><\/div><\/a>\n\t\t\t\t\t\t\t<div class=\"jeg_post_category\">\n\t\t\t\t\t\t\t\t<span><a href=\"https:\/\/www.trovagas.com\/blog\/dicas-de-curriculo\/\" class=\"category-dicas-de-curriculo\">Dicas De Curr\u00edculo<\/a><\/span>\n\t\t\t\t\t\t\t<\/div>\n\t\t\t\t\t\t<\/div>\n\t\t\t\t\t\t<div class=\"jeg_postblock_content\">\n\t\t\t\t\t\t\t<h3 class=\"jeg_post_title\">\n\t\t\t\t\t\t\t\t<a href=\"https:\/\/www.trovagas.com\/blog\/textos-para-enviar-com-curriculo-por-email\/\">10 textos prontos para enviar curr\u00edculo por email 2026<\/a>\n\t\t\t\t\t\t\t<\/h3>\n\t\t\t\t\t\t\t\n\t\t\t\t\t\t\t<div class=\"jeg_post_excerpt\">\n\t\t\t\t\t\t\t\t<p>Procurando por textos prontos para enviar curr\u00edculo por email? Sabemos que escrever um email profissional pode ser desafiador. Por isso,...<\/p>\n\t\t\t\t\t\t\t\t<a href=\"https:\/\/www.trovagas.com\/blog\/textos-para-enviar-com-curriculo-por-email\/\" class=\"jeg_readmore\">Read more<span class=\"screen-reader-text\">Details<\/span><\/a>\n\t\t\t\t\t\t\t<\/div>\n\t\t\t\t\t\t<\/div>\n\t\t\t\t\t<\/div>\n\t\t\t\t<\/article>\n\t\t\t\t\t<\/div>\n\t\t\t\t<\/div>\n\t\t\t\t\t<div class='module-overlay'>\n\t\t\t\t    <div class='preloader_type preloader_dot'>\n\t\t\t\t        <div class=\"module-preloader jeg_preloader dot\">\n\t\t\t\t            <span><\/span><span><\/span><span><\/span>\n\t\t\t\t        <\/div>\n\t\t\t\t        <div class=\"module-preloader jeg_preloader circle\">\n\t\t\t\t            <div class=\"jnews_preloader_circle_outer\">\n\t\t\t\t                <div class=\"jnews_preloader_circle_inner\"><\/div>\n\t\t\t\t            <\/div>\n\t\t\t\t        <\/div>\n\t\t\t\t        <div class=\"module-preloader jeg_preloader square\">\n\t\t\t\t            <div class=\"jeg_square\">\n\t\t\t\t                <div class=\"jeg_square_inner\"><\/div>\n\t\t\t\t            <\/div>\n\t\t\t\t        <\/div>\n\t\t\t\t    <\/div>\n\t\t\t\t<\/div>\n\t\t\t\t<\/div>\n\t\t\t\t<div class=\"jeg_block_navigation\">\n\t\t\t\t\t<div class='navigation_overlay'><div class='module-preloader jeg_preloader'><span><\/span><span><\/span><span><\/span><\/div><\/div>\n\t\t\t\t\t\n\t\t\t\t\t\n\t\t\t\t<\/div>\n\t\t\t\t\t\n\t\t\t\t\t<script>var jnews_module__0_69fa19ed08862 = {\"header_icon\":\"\",\"first_title\":\"\",\"second_title\":\"\",\"url\":\"\",\"header_type\":\"heading_6\",\"header_background\":\"\",\"header_secondary_background\":\"\",\"header_text_color\":\"\",\"header_line_color\":\"\",\"header_accent_color\":\"\",\"header_filter_category\":\"\",\"header_filter_author\":\"\",\"header_filter_tag\":\"\",\"header_filter_text\":\"All\",\"sticky_post\":false,\"sticky_post_filter\":false,\"post_type\":\"post\",\"content_type\":\"all\",\"sponsor\":false,\"number_post\":\"6\",\"post_offset\":\"0\",\"unique_content\":\"disable\",\"include_post\":\"\",\"included_only\":false,\"exclude_post\":\"\",\"include_category\":\"\",\"exclude_category\":\"\",\"include_author\":\"\",\"include_tag\":\"\",\"exclude_tag\":\"\",\"exclude_visited_post\":false,\"sort_by\":\"latest\",\"date_format\":\"default\",\"date_format_custom\":\"Y\\\/m\\\/d\",\"excerpt_length\":\"20\",\"excerpt_ellipsis\":\"...\",\"main_custom_image_size\":\"default\",\"pagination_mode\":\"disable\",\"pagination_nextprev_showtext\":\"\",\"pagination_number_post\":3,\"pagination_scroll_limit\":0,\"el_id\":\"\",\"el_class\":\"\",\"scheme\":\"\",\"column_width\":\"auto\",\"title_color\":\"\",\"accent_color\":\"\",\"alt_color\":\"\",\"excerpt_color\":\"\",\"readmore_background\":\"\",\"block_background\":\"\",\"box_shadow\":false,\"css\":\"\",\"compatible_column_notice\":\"\",\"paged\":1,\"column_class\":\"jeg_col_3o3\",\"class\":\"jnews_block_33\"};<\/script>\n\t\t\t\t<\/div>[\/vc_column][\/vc_row]<\/p>\n<div class=\"0ef989406fa2f8ecda6ac14dee786ce5\" data-index=\"4\" style=\"float: none; margin:10px 0 10px 0; text-align:center;\">\n<!-- Ezoic - ADS End of Post Blog - bottom_of_page -->\r\n<div id=\"ezoic-pub-ad-placeholder-623\"> \r\n\r\n<script async src=\"https:\/\/pagead2.googlesyndication.com\/pagead\/js\/adsbygoogle.js?client=ca-pub-2763575153354649\"\r\n     crossorigin=\"anonymous\"><\/script>\r\n<!-- ADS End of Post Blog -->\r\n<ins class=\"adsbygoogle\"\r\n     style=\"display:block\"\r\n     data-ad-client=\"ca-pub-2763575153354649\"\r\n     data-ad-slot=\"9668831292\"\r\n     data-ad-format=\"auto\"\r\n     data-full-width-responsive=\"true\"><\/ins>\r\n<script>\r\n     (adsbygoogle = window.adsbygoogle || []).push({});\r\n<\/script>\r\n\r\n<\/div>\r\n<!-- End Ezoic - ADS End of Post Blog - bottom_of_page -->\n<\/div>\n\n<div style=\"font-size: 0px; height: 0px; line-height: 0px; margin: 0; padding: 0; clear: both;\"><\/div><\/div>","protected":false},"excerpt":{"rendered":"<p>[vc_row vc_row_background=&#8221;&#8221; css=&#8221;.vc_custom_1491643032803{margin-top: 20px !important;}&#8221;][vc_column][\/vc_column][\/vc_row]<\/p>\n","protected":false},"author":1,"featured_media":0,"parent":0,"menu_order":0,"comment_status":"closed","ping_status":"closed","template":"template-builder.php","meta":{"jnews_page_loop":{"enable_page_loop":"0","first_title":"LATEST NEWS","second_title":".","header_type":"heading_8","layout":"right-sidebar","sidebar":"home","module":"5","excerpt_length":"20","content_date":"Y\/m\/d","content_pagination":"nav_1","pagination_align":"center","sort_by":"latest","second_sidebar":"default-sidebar","sticky_sidebar":"1","date_custom":"Y\/m\/d","post_sticky":"0","post_offset":"0","posts_per_page":"5"},"jnews_single_page":{"layout":"no-sidebar","sidebar":"default-sidebar","second_sidebar":"default-sidebar","sticky_sidebar":"1","show_post_title":"1","show_post_breadcrumbs":"1","show_post_featured":"1","share_position":"top","share_color":"share-monocrhome"},"jnews_social_meta":[],"footnotes":""},"class_list":["post-30090","page","type-page","status-publish","hentry"],"yoast_head":"<!-- This site is optimized with the Yoast SEO plugin v27.5 - https:\/\/yoast.com\/product\/yoast-seo-wordpress\/ -->\n<title>Trovagas Blog<\/title>\n<meta name=\"robots\" content=\"index, follow, max-snippet:-1, max-image-preview:large, max-video-preview:-1\" \/>\n<link rel=\"canonical\" href=\"https:\/\/www.trovagas.com\/blog\/\" \/>\n<meta property=\"og:locale\" content=\"pt_PT\" \/>\n<meta property=\"og:type\" content=\"article\" \/>\n<meta property=\"og:title\" content=\"Trovagas Blog\" \/>\n<meta property=\"og:description\" content=\"[vc_row vc_row_background=&#8221;&#8221; css=&#8221;.vc_custom_1491643032803{margin-top: 20px !important;}&#8221;][vc_column][\/vc_column][\/vc_row]\" \/>\n<meta property=\"og:url\" content=\"https:\/\/www.trovagas.com\/blog\/\" \/>\n<meta property=\"og:site_name\" content=\"Trovagas\" \/>\n<meta property=\"article:publisher\" content=\"https:\/\/facebook.com\/trovagas\" \/>\n<meta property=\"article:modified_time\" content=\"2024-11-30T11:00:48+00:00\" \/>\n<meta name=\"twitter:card\" content=\"summary_large_image\" \/>\n<script type=\"application\/ld+json\" class=\"yoast-schema-graph\">{\"@context\":\"https:\\\/\\\/schema.org\",\"@graph\":[{\"@type\":\"WebPage\",\"@id\":\"https:\\\/\\\/www.trovagas.com\\\/blog\\\/\",\"url\":\"https:\\\/\\\/www.trovagas.com\\\/blog\\\/\",\"name\":\"Trovagas Blog\",\"isPartOf\":{\"@id\":\"https:\\\/\\\/www.trovagas.com\\\/blog\\\/#website\"},\"datePublished\":\"2024-10-09T10:28:18+00:00\",\"dateModified\":\"2024-11-30T11:00:48+00:00\",\"breadcrumb\":{\"@id\":\"https:\\\/\\\/www.trovagas.com\\\/blog\\\/#breadcrumb\"},\"inLanguage\":\"pt-PT\",\"potentialAction\":[{\"@type\":\"ReadAction\",\"target\":[\"https:\\\/\\\/www.trovagas.com\\\/blog\\\/\"]}]},{\"@type\":\"BreadcrumbList\",\"@id\":\"https:\\\/\\\/www.trovagas.com\\\/blog\\\/#breadcrumb\",\"itemListElement\":[{\"@type\":\"ListItem\",\"position\":1,\"name\":\"Home\",\"item\":\"https:\\\/\\\/www.trovagas.com\\\/blog\\\/\"},{\"@type\":\"ListItem\",\"position\":2,\"name\":\"Home\"}]},{\"@type\":\"WebSite\",\"@id\":\"https:\\\/\\\/www.trovagas.com\\\/blog\\\/#website\",\"url\":\"https:\\\/\\\/www.trovagas.com\\\/blog\\\/\",\"name\":\"Trovagas\",\"description\":\"\",\"potentialAction\":[{\"@type\":\"SearchAction\",\"target\":{\"@type\":\"EntryPoint\",\"urlTemplate\":\"https:\\\/\\\/www.trovagas.com\\\/blog\\\/?s={search_term_string}\"},\"query-input\":{\"@type\":\"PropertyValueSpecification\",\"valueRequired\":true,\"valueName\":\"search_term_string\"}}],\"inLanguage\":\"pt-PT\"}]}<\/script>\n<!-- \/ Yoast SEO plugin. -->","yoast_head_json":{"title":"Trovagas Blog","robots":{"index":"index","follow":"follow","max-snippet":"max-snippet:-1","max-image-preview":"max-image-preview:large","max-video-preview":"max-video-preview:-1"},"canonical":"https:\/\/www.trovagas.com\/blog\/","og_locale":"pt_PT","og_type":"article","og_title":"Trovagas Blog","og_description":"[vc_row vc_row_background=&#8221;&#8221; css=&#8221;.vc_custom_1491643032803{margin-top: 20px !important;}&#8221;][vc_column][\/vc_column][\/vc_row]","og_url":"https:\/\/www.trovagas.com\/blog\/","og_site_name":"Trovagas","article_publisher":"https:\/\/facebook.com\/trovagas","article_modified_time":"2024-11-30T11:00:48+00:00","twitter_card":"summary_large_image","schema":{"@context":"https:\/\/schema.org","@graph":[{"@type":"WebPage","@id":"https:\/\/www.trovagas.com\/blog\/","url":"https:\/\/www.trovagas.com\/blog\/","name":"Trovagas Blog","isPartOf":{"@id":"https:\/\/www.trovagas.com\/blog\/#website"},"datePublished":"2024-10-09T10:28:18+00:00","dateModified":"2024-11-30T11:00:48+00:00","breadcrumb":{"@id":"https:\/\/www.trovagas.com\/blog\/#breadcrumb"},"inLanguage":"pt-PT","potentialAction":[{"@type":"ReadAction","target":["https:\/\/www.trovagas.com\/blog\/"]}]},{"@type":"BreadcrumbList","@id":"https:\/\/www.trovagas.com\/blog\/#breadcrumb","itemListElement":[{"@type":"ListItem","position":1,"name":"Home","item":"https:\/\/www.trovagas.com\/blog\/"},{"@type":"ListItem","position":2,"name":"Home"}]},{"@type":"WebSite","@id":"https:\/\/www.trovagas.com\/blog\/#website","url":"https:\/\/www.trovagas.com\/blog\/","name":"Trovagas","description":"","potentialAction":[{"@type":"SearchAction","target":{"@type":"EntryPoint","urlTemplate":"https:\/\/www.trovagas.com\/blog\/?s={search_term_string}"},"query-input":{"@type":"PropertyValueSpecification","valueRequired":true,"valueName":"search_term_string"}}],"inLanguage":"pt-PT"}]}},"_links":{"self":[{"href":"https:\/\/www.trovagas.com\/blog\/wp-json\/wp\/v2\/pages\/30090","targetHints":{"allow":["GET"]}}],"collection":[{"href":"https:\/\/www.trovagas.com\/blog\/wp-json\/wp\/v2\/pages"}],"about":[{"href":"https:\/\/www.trovagas.com\/blog\/wp-json\/wp\/v2\/types\/page"}],"author":[{"embeddable":true,"href":"https:\/\/www.trovagas.com\/blog\/wp-json\/wp\/v2\/users\/1"}],"replies":[{"embeddable":true,"href":"https:\/\/www.trovagas.com\/blog\/wp-json\/wp\/v2\/comments?post=30090"}],"version-history":[{"count":2,"href":"https:\/\/www.trovagas.com\/blog\/wp-json\/wp\/v2\/pages\/30090\/revisions"}],"predecessor-version":[{"id":30118,"href":"https:\/\/www.trovagas.com\/blog\/wp-json\/wp\/v2\/pages\/30090\/revisions\/30118"}],"wp:attachment":[{"href":"https:\/\/www.trovagas.com\/blog\/wp-json\/wp\/v2\/media?parent=30090"}],"curies":[{"name":"wp","href":"https:\/\/api.w.org\/{rel}","templated":true}]}}