{"id":3,"date":"2021-05-22T06:37:43","date_gmt":"2021-05-22T06:37:43","guid":{"rendered":"https:\/\/www.trovagas.com\/muchacuar\/?page_id=3"},"modified":"2022-02-26T15:11:38","modified_gmt":"2022-02-26T13:11:38","slug":"politica-de-privacidade","status":"publish","type":"page","link":"https:\/\/www.trovagas.com\/blog\/politica-de-privacidade\/","title":{"rendered":"Pol\u00edtica de Privacidade"},"content":{"rendered":"\n<p>O presente \u201csite\u201d \u00e9 da propriedade e \u00e9 gerido por&nbsp;<a href=\"https:\/\/www.linkedin.com\/in\/jorgemuchacuar\/\">Jorge Muchacuar<\/a>.<\/p>\n\n\n\n<p>Ao utilizar este Website estar\u00e1 a consentir com os termos descritos nesta Pol\u00edtica de Privacidade.<\/p>\n\n\n\n<p>Nossa Pol\u00edtica de Privacidade foi publicada em 15 de Novembro de 2017. Ela regula os termos de privacidade do nosso site\u00a0<a href=\"https:\/\/www.trovagas.com\/\">www.trovagas.com<\/a>  e <a href=\"https:\/\/www.trovagas.com\/blog\">https:\/\/www.trovagas.com\/blog<\/a> .<\/p>\n\n\n\n<p>O uso do Trovagas pressup\u00f5e a aceita\u00e7\u00e3o deste Acordo de privacidade. A equipa do Trovagas reserva-se ao direito de alterar este acordo sem aviso pr\u00e9vio. Deste modo, recomendamos que consulte a nossa pol\u00edtica de privacidade com regularidade de forma a estar sempre atualizado<\/p>\n\n\n\n<h2 class=\"wp-block-heading\"><strong>Defini\u00e7\u00f5es<\/strong><\/h2>\n\n\n\n<p>\u201c<strong>Informa\u00e7\u00f5es n\u00e3o pessoais<\/strong>\u201d \u00e9 uma informa\u00e7\u00e3o que n\u00e3o \u00e9 pessoalmente identific\u00e1vel para voc\u00ea e que n\u00f3s colectamos automaticamente quando voc\u00ea acede ao nosso site com um navegador da Web. Tamb\u00e9m pode incluir informa\u00e7\u00f5es dispon\u00edveis publicamente compartilhadas entre voc\u00ea e outras pessoas.<\/p>\n\n\n\n<p>\u201c<strong>Informa\u00e7\u00f5es de Identifica\u00e7\u00e3o Pessoal<\/strong>\u201d \u00e9 uma informa\u00e7\u00e3o n\u00e3o p\u00fablica que \u00e9 pessoalmente identific\u00e1vel para voc\u00ea e obtida para que possamos fornec\u00ea-lo dentro do nosso site. As informa\u00e7\u00f5es de identifica\u00e7\u00e3o pessoal podem incluir informa\u00e7\u00f5es como seu nome, endere\u00e7o de email e outras informa\u00e7\u00f5es relacionadas que voc\u00ea nos fornece ou que obtivemos sobre voc\u00ea.<\/p>\n\n\n\n<h2 class=\"wp-block-heading\"><strong>Cookies<\/strong><\/h2>\n\n\n\n<p>Nosso site usa \u201cCookies\u201d para identificar as \u00e1reas do nosso site que voc\u00ea visitou. Um Cookie \u00e9 um pequeno peda\u00e7o de dados armazenado no seu computador ou dispositivo m\u00f3vel pelo seu navegador. Usamos Cookies para personalizar o Conte\u00fado que voc\u00ea v\u00ea em nosso site.<\/p>\n\n\n\n<p>A maioria dos navegadores da Web pode ser configurada para desativar o uso de Cookies. No entanto, se voc\u00ea desabilitar os cookies, talvez voc\u00ea n\u00e3o consiga aceder algumas funcionalidades em nosso site corretamente ou n\u00e3o. N\u00f3s nunca colocamos informa\u00e7\u00f5es pessoalmente identific\u00e1veis \u200b\u200bem cookies. Os an\u00fancios<\/p>\n\n\n\n<h2 class=\"wp-block-heading\">&nbsp;<strong>Recolha e tratamento de dados<\/strong><\/h2>\n\n\n\n<p>Os dados recolhidos e tratados pela TROVAGAS s\u00e3o os que voluntariamente colocar nos formul\u00e1rios neste Website. No entanto, o preenchimento destes pode ser necess\u00e1rio para o acesso ou obten\u00e7\u00e3o de determinados conte\u00fados ou servi\u00e7os.<\/p><div class=\"0ef989406fa2f8ecda6ac14dee786ce5\" data-index=\"3\" style=\"float: none; margin:10px 0 10px 0; text-align:center;\">\n<!-- Ezoic - Middle of Post ADS blog - mid_content -->\r\n<div id=\"ezoic-pub-ad-placeholder-622\"> \r\n\r\n<script async src=\"https:\/\/pagead2.googlesyndication.com\/pagead\/js\/adsbygoogle.js?client=ca-pub-2763575153354649\"\r\n     crossorigin=\"anonymous\"><\/script>\r\n<!-- Middle of Post ADS blog -->\r\n<ins class=\"adsbygoogle\"\r\n     style=\"display:block\"\r\n     data-ad-client=\"ca-pub-2763575153354649\"\r\n     data-ad-slot=\"4790462605\"\r\n     data-ad-format=\"auto\"\r\n     data-full-width-responsive=\"true\"><\/ins>\r\n<script>\r\n     (adsbygoogle = window.adsbygoogle || []).push({});\r\n<\/script>\r\n\r\n<\/div>\r\n<!-- End Ezoic - Middle of Post ADS blog - mid_content -->\n<\/div>\n\n\n\n\n<p>Os dados pessoais recolhidos s\u00e3o, nomeadamente: nome e email.<\/p>\n\n\n\n<h2 class=\"wp-block-heading\"><strong>Finalidade do tratamento de dados<\/strong><\/h2>\n\n\n\n<p>A finalidade da recolha e tratamento de dados pessoais \u00e9 a realiza\u00e7\u00e3o de marketing directo. Os seus dados ser\u00e3o apenas tratados para esta finalidade determinada, expl\u00edcita e leg\u00edtima, n\u00e3o sendo posteriormente tratados de forma incompat\u00edvel com esta. Os dados recolhidos e tratados s\u00e3o os adequados, pertinentes e n\u00e3o excessivos em rela\u00e7\u00e3o a esta finalidade.<\/p>\n\n\n\n<h2 class=\"wp-block-heading\"><strong>Os seus direitos<\/strong><\/h2>\n\n\n\n<p>Para exercer o seu direito de acesso, rectifica\u00e7\u00e3o, apagamento ou bloqueio dos seus dados pode enviar um email para:<a href=\"mailto:info@tro.iwvzsbhhh0-wl6nevzre652.p.temp-site.link\">&nbsp;info@tro.iwvzsbhhh0-wl6nevzre652.p.temp-site.link<\/a><\/p>\n\n\n\n<p>Caso queira deixar de receber comunica\u00e7\u00f5es de marketing pode, a todo o tempo exercer o seu direito de oposi\u00e7\u00e3o:<\/p>\n\n\n\n<p>Clicando no link para esse efeito (normalmente, com a indica\u00e7\u00e3o de \u201cunsubscribe\u201d) em qualquer mensagem por email que receber em virtude do seu registo neste Website.<\/p>\n\n\n\n<p>Enviando uma mensagem para o endere\u00e7o&nbsp;<a href=\"mailto:info@tro.iwvzsbhhh0-wl6nevzre652.p.temp-site.link\">info@tro.iwvzsbhhh0-wl6nevzre652.p.temp-site.link<\/a>&nbsp;com o assunto \u201cRemover\u201d; ou por via postal, para a morada indicada no in\u00edcio desta Pol\u00edtica de Privacidade.<\/p>\n\n\n\n<h2 class=\"wp-block-heading\"><strong>Coment\u00e1rios<\/strong><\/h2>\n\n\n\n<p>Possu\u00edmos uma \u00e1rea de coment\u00e1rios em todos os nossos artigos, onde voc\u00ea poder\u00e1 sempre que desejar escrever sobre a sua opini\u00e3o em rela\u00e7\u00e3o ao conte\u00fado.<\/p>\n\n\n\n<p>No entanto voc\u00ea n\u00e3o pode escrever coment\u00e1rios de cunho racista, homof\u00f3bico, discriminat\u00f3rio ou ofensivos.<\/p>\n\n\n\n<p>Os coment\u00e1rios n\u00e3o passam por avalia\u00e7\u00e3o antes de serem publicados. Mas vale ressaltar que todo o conte\u00fado \u00e9 revisado periodicamente e caso for encontrado algum coment\u00e1rio que burla as regras do site ser\u00e1 imediatamente exclu\u00eddo.<\/p>\n\n\n\n<h2 class=\"wp-block-heading\"><strong>Altera\u00e7\u00f5es da Politica de Privacidade<\/strong><\/h2>\n\n\n\n<p>A nossa Pol\u00edtica de Privacidade pode ser alterada periodicamente. No entanto, qualquer altera\u00e7\u00e3o \u00e0 pol\u00edtica de privacidade ser\u00e1 publicada nesta p\u00e1gina.<\/p>\n\n\n\n<h2 class=\"wp-block-heading\"><strong>Quest\u00f5es e d\u00favidas<\/strong><\/h2>\n\n\n\n<p>Se tiver quest\u00f5es, coment\u00e1rios ou d\u00favidas sobre a nossa Politica de Privacidade, contacte-nos atrav\u00e9s deste endere\u00e7o&nbsp;<a href=\"mailto:info@tro.iwvzsbhhh0-wl6nevzre652.p.temp-site.link\">info@tro.iwvzsbhhh0-wl6nevzre652.p.temp-site.link<\/a><\/p>\n\n<div style=\"font-size: 0px; height: 0px; line-height: 0px; margin: 0; padding: 0; clear: both;\"><\/div>","protected":false},"excerpt":{"rendered":"<p>O presente \u201csite\u201d \u00e9 da propriedade e \u00e9 gerido por&nbsp;Jorge Muchacuar. Ao utilizar este Website estar\u00e1 a consentir com os termos descritos nesta Pol\u00edtica de Privacidade. Nossa Pol\u00edtica de Privacidade foi publicada em 15 de Novembro de 2017. Ela regula os termos de privacidade do nosso site\u00a0www.trovagas.com e https:\/\/www.trovagas.com\/blog . O uso do Trovagas pressup\u00f5e [&hellip;]<\/p>\n","protected":false},"author":1,"featured_media":0,"parent":0,"menu_order":0,"comment_status":"closed","ping_status":"open","template":"","meta":{"jnews_page_loop":[],"jnews_single_page":[],"jnews_social_meta":[],"footnotes":""},"class_list":["post-3","page","type-page","status-publish","hentry"],"yoast_head":"<!-- This site is optimized with the Yoast SEO plugin v27.4 - https:\/\/yoast.com\/product\/yoast-seo-wordpress\/ -->\n<title>Pol\u00edtica de Privacidade - Trovagas<\/title>\n<meta name=\"robots\" content=\"index, follow, max-snippet:-1, max-image-preview:large, max-video-preview:-1\" \/>\n<link rel=\"canonical\" href=\"https:\/\/www.trovagas.com\/blog\/politica-de-privacidade\/\" \/>\n<meta property=\"og:locale\" content=\"pt_PT\" \/>\n<meta property=\"og:type\" content=\"article\" \/>\n<meta property=\"og:title\" content=\"Pol\u00edtica de Privacidade - Trovagas\" \/>\n<meta property=\"og:description\" content=\"O presente \u201csite\u201d \u00e9 da propriedade e \u00e9 gerido por&nbsp;Jorge Muchacuar. Ao utilizar este Website estar\u00e1 a consentir com os termos descritos nesta Pol\u00edtica de Privacidade. Nossa Pol\u00edtica de Privacidade foi publicada em 15 de Novembro de 2017. Ela regula os termos de privacidade do nosso site\u00a0www.trovagas.com e https:\/\/www.trovagas.com\/blog . O uso do Trovagas pressup\u00f5e [&hellip;]\" \/>\n<meta property=\"og:url\" content=\"https:\/\/www.trovagas.com\/blog\/politica-de-privacidade\/\" \/>\n<meta property=\"og:site_name\" content=\"Trovagas\" \/>\n<meta property=\"article:publisher\" content=\"https:\/\/facebook.com\/trovagas\" \/>\n<meta property=\"article:modified_time\" content=\"2022-02-26T13:11:38+00:00\" \/>\n<meta name=\"twitter:card\" content=\"summary_large_image\" \/>\n<meta name=\"twitter:label1\" content=\"Tempo estimado de leitura\" \/>\n\t<meta name=\"twitter:data1\" content=\"4 minutos\" \/>\n<script type=\"application\/ld+json\" class=\"yoast-schema-graph\">{\"@context\":\"https:\\\/\\\/schema.org\",\"@graph\":[{\"@type\":\"WebPage\",\"@id\":\"https:\\\/\\\/www.trovagas.com\\\/blog\\\/politica-de-privacidade\\\/\",\"url\":\"https:\\\/\\\/www.trovagas.com\\\/blog\\\/politica-de-privacidade\\\/\",\"name\":\"Pol\u00edtica de Privacidade - Trovagas\",\"isPartOf\":{\"@id\":\"https:\\\/\\\/www.trovagas.com\\\/blog\\\/#website\"},\"datePublished\":\"2021-05-22T06:37:43+00:00\",\"dateModified\":\"2022-02-26T13:11:38+00:00\",\"breadcrumb\":{\"@id\":\"https:\\\/\\\/www.trovagas.com\\\/blog\\\/politica-de-privacidade\\\/#breadcrumb\"},\"inLanguage\":\"pt-PT\",\"potentialAction\":[{\"@type\":\"ReadAction\",\"target\":[\"https:\\\/\\\/www.trovagas.com\\\/blog\\\/politica-de-privacidade\\\/\"]}]},{\"@type\":\"BreadcrumbList\",\"@id\":\"https:\\\/\\\/www.trovagas.com\\\/blog\\\/politica-de-privacidade\\\/#breadcrumb\",\"itemListElement\":[{\"@type\":\"ListItem\",\"position\":1,\"name\":\"Home\",\"item\":\"https:\\\/\\\/www.trovagas.com\\\/blog\\\/\"},{\"@type\":\"ListItem\",\"position\":2,\"name\":\"Pol\u00edtica de Privacidade\"}]},{\"@type\":\"WebSite\",\"@id\":\"https:\\\/\\\/www.trovagas.com\\\/blog\\\/#website\",\"url\":\"https:\\\/\\\/www.trovagas.com\\\/blog\\\/\",\"name\":\"Trovagas\",\"description\":\"\",\"potentialAction\":[{\"@type\":\"SearchAction\",\"target\":{\"@type\":\"EntryPoint\",\"urlTemplate\":\"https:\\\/\\\/www.trovagas.com\\\/blog\\\/?s={search_term_string}\"},\"query-input\":{\"@type\":\"PropertyValueSpecification\",\"valueRequired\":true,\"valueName\":\"search_term_string\"}}],\"inLanguage\":\"pt-PT\"}]}<\/script>\n<!-- \/ Yoast SEO plugin. -->","yoast_head_json":{"title":"Pol\u00edtica de Privacidade - Trovagas","robots":{"index":"index","follow":"follow","max-snippet":"max-snippet:-1","max-image-preview":"max-image-preview:large","max-video-preview":"max-video-preview:-1"},"canonical":"https:\/\/www.trovagas.com\/blog\/politica-de-privacidade\/","og_locale":"pt_PT","og_type":"article","og_title":"Pol\u00edtica de Privacidade - Trovagas","og_description":"O presente \u201csite\u201d \u00e9 da propriedade e \u00e9 gerido por&nbsp;Jorge Muchacuar. Ao utilizar este Website estar\u00e1 a consentir com os termos descritos nesta Pol\u00edtica de Privacidade. Nossa Pol\u00edtica de Privacidade foi publicada em 15 de Novembro de 2017. Ela regula os termos de privacidade do nosso site\u00a0www.trovagas.com e https:\/\/www.trovagas.com\/blog . O uso do Trovagas pressup\u00f5e [&hellip;]","og_url":"https:\/\/www.trovagas.com\/blog\/politica-de-privacidade\/","og_site_name":"Trovagas","article_publisher":"https:\/\/facebook.com\/trovagas","article_modified_time":"2022-02-26T13:11:38+00:00","twitter_card":"summary_large_image","twitter_misc":{"Tempo estimado de leitura":"4 minutos"},"schema":{"@context":"https:\/\/schema.org","@graph":[{"@type":"WebPage","@id":"https:\/\/www.trovagas.com\/blog\/politica-de-privacidade\/","url":"https:\/\/www.trovagas.com\/blog\/politica-de-privacidade\/","name":"Pol\u00edtica de Privacidade - Trovagas","isPartOf":{"@id":"https:\/\/www.trovagas.com\/blog\/#website"},"datePublished":"2021-05-22T06:37:43+00:00","dateModified":"2022-02-26T13:11:38+00:00","breadcrumb":{"@id":"https:\/\/www.trovagas.com\/blog\/politica-de-privacidade\/#breadcrumb"},"inLanguage":"pt-PT","potentialAction":[{"@type":"ReadAction","target":["https:\/\/www.trovagas.com\/blog\/politica-de-privacidade\/"]}]},{"@type":"BreadcrumbList","@id":"https:\/\/www.trovagas.com\/blog\/politica-de-privacidade\/#breadcrumb","itemListElement":[{"@type":"ListItem","position":1,"name":"Home","item":"https:\/\/www.trovagas.com\/blog\/"},{"@type":"ListItem","position":2,"name":"Pol\u00edtica de Privacidade"}]},{"@type":"WebSite","@id":"https:\/\/www.trovagas.com\/blog\/#website","url":"https:\/\/www.trovagas.com\/blog\/","name":"Trovagas","description":"","potentialAction":[{"@type":"SearchAction","target":{"@type":"EntryPoint","urlTemplate":"https:\/\/www.trovagas.com\/blog\/?s={search_term_string}"},"query-input":{"@type":"PropertyValueSpecification","valueRequired":true,"valueName":"search_term_string"}}],"inLanguage":"pt-PT"}]}},"_links":{"self":[{"href":"https:\/\/www.trovagas.com\/blog\/wp-json\/wp\/v2\/pages\/3","targetHints":{"allow":["GET"]}}],"collection":[{"href":"https:\/\/www.trovagas.com\/blog\/wp-json\/wp\/v2\/pages"}],"about":[{"href":"https:\/\/www.trovagas.com\/blog\/wp-json\/wp\/v2\/types\/page"}],"author":[{"embeddable":true,"href":"https:\/\/www.trovagas.com\/blog\/wp-json\/wp\/v2\/users\/1"}],"replies":[{"embeddable":true,"href":"https:\/\/www.trovagas.com\/blog\/wp-json\/wp\/v2\/comments?post=3"}],"version-history":[{"count":5,"href":"https:\/\/www.trovagas.com\/blog\/wp-json\/wp\/v2\/pages\/3\/revisions"}],"predecessor-version":[{"id":8323,"href":"https:\/\/www.trovagas.com\/blog\/wp-json\/wp\/v2\/pages\/3\/revisions\/8323"}],"wp:attachment":[{"href":"https:\/\/www.trovagas.com\/blog\/wp-json\/wp\/v2\/media?parent=3"}],"curies":[{"name":"wp","href":"https:\/\/api.w.org\/{rel}","templated":true}]}}